{"id":2039,"date":"2016-06-11T14:25:44","date_gmt":"2016-06-11T14:25:44","guid":{"rendered":"http:\/\/demo.goodlayers.com\/infinite\/?page_id=2039"},"modified":"2021-06-02T10:31:04","modified_gmt":"2021-06-02T08:31:04","slug":"accueil","status":"publish","type":"page","link":"https:\/\/www.tomorrownow.be\/fr\/","title":{"rendered":"Accueil"},"content":{"rendered":"","protected":false},"excerpt":{"rendered":"","protected":false},"author":1,"featured_media":0,"parent":0,"menu_order":0,"comment_status":"closed","ping_status":"closed","template":"","meta":{"footnotes":""},"class_list":["post-2039","page","type-page","status-publish","hentry"],"yoast_head":"<!-- This site is optimized with the Yoast SEO plugin v16.3 - https:\/\/yoast.com\/wordpress\/plugins\/seo\/ -->\n<title>Accueil - Tomorrow Now<\/title>\n<meta name=\"description\" content=\"Innover, c\u2019est \u00e0 la fois s\u2019adapter au changement et \u00eatre capable de le provoquer. Innovation, Strat\u00e9gie, Cr\u00e9ation de valeurs, Prosp\u00e9rit\u00e9.\" \/>\n<meta name=\"robots\" content=\"index, follow, max-snippet:-1, max-image-preview:large, max-video-preview:-1\" \/>\n<link rel=\"canonical\" href=\"https:\/\/www.tomorrownow.be\/fr\/\" \/>\n<meta property=\"og:locale\" content=\"fr_FR\" \/>\n<meta property=\"og:type\" content=\"article\" \/>\n<meta property=\"og:title\" content=\"Accueil - Tomorrow Now\" \/>\n<meta property=\"og:description\" content=\"Innover, c\u2019est \u00e0 la fois s\u2019adapter au changement et \u00eatre capable de le provoquer. Innovation, Strat\u00e9gie, Cr\u00e9ation de valeurs, Prosp\u00e9rit\u00e9.\" \/>\n<meta property=\"og:url\" content=\"https:\/\/www.tomorrownow.be\/fr\/\" \/>\n<meta property=\"og:site_name\" content=\"Tomorrow Now\" \/>\n<meta property=\"article:modified_time\" content=\"2021-06-02T08:31:04+00:00\" \/>\n<meta name=\"twitter:card\" content=\"summary_large_image\" \/>\n<script type=\"application\/ld+json\" class=\"yoast-schema-graph\">{\"@context\":\"https:\/\/schema.org\",\"@graph\":[{\"@type\":\"WebSite\",\"@id\":\"https:\/\/www.tomorrownow.be\/#website\",\"url\":\"https:\/\/www.tomorrownow.be\/\",\"name\":\"Tomorrow Now\",\"description\":\"Turning innovation into business\",\"potentialAction\":[{\"@type\":\"SearchAction\",\"target\":\"https:\/\/www.tomorrownow.be\/?s={search_term_string}\",\"query-input\":\"required name=search_term_string\"}],\"inLanguage\":\"fr-FR\"},{\"@type\":\"WebPage\",\"@id\":\"https:\/\/www.tomorrownow.be\/fr\/#webpage\",\"url\":\"https:\/\/www.tomorrownow.be\/fr\/\",\"name\":\"Accueil - Tomorrow Now\",\"isPartOf\":{\"@id\":\"https:\/\/www.tomorrownow.be\/#website\"},\"datePublished\":\"2016-06-11T14:25:44+00:00\",\"dateModified\":\"2021-06-02T08:31:04+00:00\",\"description\":\"Innover, c\\u2019est \\u00e0 la fois s\\u2019adapter au changement et \\u00eatre capable de le provoquer. Innovation, Strat\\u00e9gie, Cr\\u00e9ation de valeurs, Prosp\\u00e9rit\\u00e9.\",\"breadcrumb\":{\"@id\":\"https:\/\/www.tomorrownow.be\/fr\/#breadcrumb\"},\"inLanguage\":\"fr-FR\",\"potentialAction\":[{\"@type\":\"ReadAction\",\"target\":[\"https:\/\/www.tomorrownow.be\/fr\/\"]}]},{\"@type\":\"BreadcrumbList\",\"@id\":\"https:\/\/www.tomorrownow.be\/fr\/#breadcrumb\",\"itemListElement\":[{\"@type\":\"ListItem\",\"position\":1,\"item\":{\"@type\":\"WebPage\",\"@id\":\"https:\/\/www.tomorrownow.be\/fr\/\",\"url\":\"https:\/\/www.tomorrownow.be\/fr\/\",\"name\":\"Accueil\"}},{\"@type\":\"ListItem\",\"position\":2,\"item\":{\"@id\":\"https:\/\/www.tomorrownow.be\/fr\/#webpage\"}}]}]}<\/script>\n<!-- \/ Yoast SEO plugin. -->","_links":{"self":[{"href":"https:\/\/www.tomorrownow.be\/fr\/wp-json\/wp\/v2\/pages\/2039","targetHints":{"allow":["GET"]}}],"collection":[{"href":"https:\/\/www.tomorrownow.be\/fr\/wp-json\/wp\/v2\/pages"}],"about":[{"href":"https:\/\/www.tomorrownow.be\/fr\/wp-json\/wp\/v2\/types\/page"}],"author":[{"embeddable":true,"href":"https:\/\/www.tomorrownow.be\/fr\/wp-json\/wp\/v2\/users\/1"}],"replies":[{"embeddable":true,"href":"https:\/\/www.tomorrownow.be\/fr\/wp-json\/wp\/v2\/comments?post=2039"}],"version-history":[{"count":5,"href":"https:\/\/www.tomorrownow.be\/fr\/wp-json\/wp\/v2\/pages\/2039\/revisions"}],"predecessor-version":[{"id":3593,"href":"https:\/\/www.tomorrownow.be\/fr\/wp-json\/wp\/v2\/pages\/2039\/revisions\/3593"}],"wp:attachment":[{"href":"https:\/\/www.tomorrownow.be\/fr\/wp-json\/wp\/v2\/media?parent=2039"}],"curies":[{"name":"wp","href":"https:\/\/api.w.org\/{rel}","templated":true}]}}